{"id":138,"date":"2025-05-06T15:40:22","date_gmt":"2025-05-06T13:40:22","guid":{"rendered":"https:\/\/loftinteriordesign.hu\/?page_id=138"},"modified":"2025-05-12T23:24:49","modified_gmt":"2025-05-12T21:24:49","slug":"szolgaltatasaim","status":"publish","type":"page","link":"https:\/\/loftinteriordesign.hu\/?page_id=138","title":{"rendered":"Szolg\u00e1ltat\u00e1saim"},"content":{"rendered":"\t\t<div data-elementor-type=\"wp-page\" data-elementor-id=\"138\" class=\"elementor elementor-138\">\n\t\t\t\t<div class=\"elementor-element elementor-element-4ed65b4 e-flex e-con-boxed e-con e-parent\" data-id=\"4ed65b4\" data-element_type=\"container\">\n\t\t\t\t\t<div class=\"e-con-inner\">\n\t\t\t\t<div class=\"elementor-element elementor-element-fa086ad elementor-widget elementor-widget-html\" data-id=\"fa086ad\" data-element_type=\"widget\" data-widget_type=\"html.default\">\n\t\t\t\t<div class=\"elementor-widget-container\">\n\t\t\t\t\t<div class=\"pricing-wrapper\">\r\n  <div class=\"pricing-card \">\r\n    <h2>MINI csomag<\/h2>\r\n    <h3>(Online konzult\u00e1ci\u00f3)<\/h3>\r\n    <ul class=\"features\">\r\n        <li><\/li>\r\n      <li><b>1 \u00f3r\u00e1s online vide\u00f3s tan\u00e1csad\u00e1s<\/b><\/li>\r\n      <li><b>El\u0151zetes k\u00e9rd\u0151\u00edv alpj\u00e1n c\u00e9lzott javaslatok<\/b><\/li>\r\n      <li><b>E-mailes \u00f6sszefoglal\u00f3<\/b><\/li>\r\n      <li><b>Sz\u00edn- \u00e9s st\u00edlusjavaslatok<\/b><\/li>\r\n    <\/ul>\r\n    <div class=\"price\">19 000 Ft - 35 000 Ft<\/div>\r\n    <a href=\"https:\/\/loftinteriordesign.hu\/?page_id=259\" class=\"cta-button\">\u00c1raj\u00e1nlatot k\u00e9rek<\/a>\r\n  <\/div>\r\n\r\n  <div class=\"pricing-card \">\r\n    <h2>BASIC csomag<\/h2>\r\n    <h3>(Helyis\u00e9g tervez\u00e9s alap szinten)<\/h3>\r\n    <ul class=\"features\">\r\n        <li><\/li>\r\n      <li><b>Helysz\u00edni vagy online konzult\u00e1ci\u00f3<\/b><\/li>\r\n      <li><b>Moodboard<\/b><\/li>\r\n      <li><b>Alaprajzi b\u00fatoroz\u00e1s<\/b><\/li>\r\n      <li><b>Egyszer\u0171 beszerz\u00e9si lista<\/b><\/li>\r\n      <li><b>1 k\u00f6r m\u00f3dos\u00edt\u00e1si lehet\u0151s\u00e9g<\/b><\/li>\r\n    <\/ul>\r\n    <div class=\"price\">60 000 Ft - 120 000 Ft<\/div>\r\n    <a href=\"https:\/\/loftinteriordesign.hu\/?page_id=259\" class=\"cta-button\">\u00c1raj\u00e1nlatot k\u00e9rek<\/a>\r\n  <\/div>\r\n\r\n  <div class=\"pricing-card \">\r\n    <h2>STANDARD csomag<\/h2>\r\n    <h3>(Komplett helyis\u00e9g tervez\u00e9s)<\/h3>\r\n    <ul class=\"features\">\r\n        <li><\/li>\r\n      <li><b>Moodboard<\/b><\/li>\r\n      <li><b>Sz\u00edn- \u00e9s anyagv\u00e1laszt\u00e1s<\/b><\/li>\r\n      <li><b>R\u00e9szletes b\u00fator- \u00e9s dekor\u00e1ci\u00f3s terv<\/b><\/li>\r\n      <li><b>Alaprajz + 2D berendez\u00e9si terv<\/b><\/li>\r\n      <li><b>Beszerz\u00e9si lista<\/b><\/li>\r\n      <li><b>2 k\u00f6r m\u00f3dos\u00edt\u00e1si lehet\u0151s\u00e9g<\/b><\/li>\r\n    <\/ul>\r\n    <div class=\"price\">130 000 Ft - 250 000 Ft\/helyis\u00e9g<\/div>\r\n    <a href=\"https:\/\/loftinteriordesign.hu\/?page_id=259\" class=\"cta-button\">\u00c1raj\u00e1nlatot k\u00e9rek<\/a>\r\n  <\/div>\r\n  \r\n  <div class=\"pricing-card \">\r\n    <h2>PREMIUM csomag<\/h2>\r\n    <h3>(T\u00f6bb helyis\u00e9ges vagy teljes lak\u00e1s\/lakr\u00e9sz)<\/h3>\r\n    <ul class=\"features\">\r\n        <li><\/li>\r\n      <li><b>Teljes lak\u00e1s (vagy t\u00f6bb helyis\u00e9g) koncepci\u00f3<\/b><\/li>\r\n      <li><b>2D \u00e9s 3D l\u00e1tv\u00e1nytervek<\/b><\/li>\r\n      <li><b>Moodboard<\/b><\/li>\r\n      <li><b>Vil\u00e1g\u00edt\u00e1si tervek<\/b><\/li>\r\n      <li><b>Kivitelez\u00e9si \u00fatmutat\u00f3 + beszerz\u00e9si lista<\/b><\/li>\r\n      <li><b>3 k\u00f6r m\u00f3dos\u00edt\u00e1si lehet\u0151s\u00e9g<\/b><\/li>\r\n    <\/ul>\r\n    <div class=\"price\">300 000 - 950 000 Ft<\/div>\r\n    <a href=\"https:\/\/loftinteriordesign.hu\/?page_id=259\" class=\"cta-button\">\u00c1raj\u00e1nlatot k\u00e9rek<\/a>\r\n  <\/div>\r\n  \r\n  <div class=\"pricing-card \">\r\n    <h2>PROJEKT csomag<\/h2>\r\n    <h3>(Lak\u00e1sfel\u00faj\u00edt\u00e1s + kivitelez\u00e9s koordin\u00e1ci\u00f3)<\/h3>\r\n    <ul class=\"features\">\r\n        <li><\/li>\r\n      <li><b>Teljesk\u00f6r\u0171 tervez\u00e9s \u00e9s lebonyol\u00edt\u00e1s<\/b><\/li>\r\n      <li><b>Kapcsolattart\u00e1s kivitelez\u0151kkel<\/b><\/li>\r\n      <li><b>Helysz\u00edni jelenl\u00e9t \u00e9s ellen\u0151rz\u00e9s<\/b><\/li>\r\n      <li><b>Anyagok, b\u00fatorok \u00e9s dekor\u00e1ci\u00f3k teljes beszerz\u00e9si menedzsmentje<\/b><\/li>\r\n      <li><b>Kulcsra k\u00e9sz \u00e1tad\u00e1s<\/b><\/li>\r\n    <\/ul>\r\n    <div class=\"price\">Egyedi \u00e1raz\u00e1s<\/div>\r\n    <a href=\"https:\/\/loftinteriordesign.hu\/?page_id=259\" class=\"cta-button\">\u00c1raj\u00e1nlatot k\u00e9rek<\/a>\r\n  <\/div>\r\n<\/div>\r\n\t\t\t\t<\/div>\n\t\t\t\t<\/div>\n\t\t\t\t\t<\/div>\n\t\t\t\t<\/div>\n\t\t\t\t<\/div>\n\t\t","protected":false},"excerpt":{"rendered":"<p>MINI csomag (Online konzult\u00e1ci\u00f3) 1 \u00f3r\u00e1s online vide\u00f3s tan\u00e1csad\u00e1s El\u0151zetes k\u00e9rd\u0151\u00edv alpj\u00e1n c\u00e9lzott javaslatok E-mailes \u00f6sszefoglal\u00f3 Sz\u00edn- \u00e9s st\u00edlusjavaslatok 19 000 Ft &#8211; 35 000 Ft \u00c1raj\u00e1nlatot k\u00e9rek BASIC csomag (Helyis\u00e9g tervez\u00e9s alap szinten) Helysz\u00edni vagy online konzult\u00e1ci\u00f3 Moodboard Alaprajzi b\u00fatoroz\u00e1s Egyszer\u0171 beszerz\u00e9si lista 1 k\u00f6r m\u00f3dos\u00edt\u00e1si lehet\u0151s\u00e9g 60 000 Ft &#8211; 120 000 Ft &hellip; <\/p>\n","protected":false},"author":1,"featured_media":0,"parent":0,"menu_order":0,"comment_status":"closed","ping_status":"closed","template":"elementor_header_footer","meta":{"footnotes":""},"class_list":["post-138","page","type-page","status-publish","hentry"],"featured_image_url":[],"post_author":"VargaFruzsina","assigned_categories":"","_links":{"self":[{"href":"https:\/\/loftinteriordesign.hu\/index.php?rest_route=\/wp\/v2\/pages\/138","targetHints":{"allow":["GET"]}}],"collection":[{"href":"https:\/\/loftinteriordesign.hu\/index.php?rest_route=\/wp\/v2\/pages"}],"about":[{"href":"https:\/\/loftinteriordesign.hu\/index.php?rest_route=\/wp\/v2\/types\/page"}],"author":[{"embeddable":true,"href":"https:\/\/loftinteriordesign.hu\/index.php?rest_route=\/wp\/v2\/users\/1"}],"replies":[{"embeddable":true,"href":"https:\/\/loftinteriordesign.hu\/index.php?rest_route=%2Fwp%2Fv2%2Fcomments&post=138"}],"version-history":[{"count":43,"href":"https:\/\/loftinteriordesign.hu\/index.php?rest_route=\/wp\/v2\/pages\/138\/revisions"}],"predecessor-version":[{"id":299,"href":"https:\/\/loftinteriordesign.hu\/index.php?rest_route=\/wp\/v2\/pages\/138\/revisions\/299"}],"wp:attachment":[{"href":"https:\/\/loftinteriordesign.hu\/index.php?rest_route=%2Fwp%2Fv2%2Fmedia&parent=138"}],"curies":[{"name":"wp","href":"https:\/\/api.w.org\/{rel}","templated":true}]}}